{"id":1862,"date":"2025-10-12T12:05:15","date_gmt":"2025-10-12T15:05:15","guid":{"rendered":"https:\/\/www.pluriebr.com\/?page_id=1862"},"modified":"2025-10-24T18:17:46","modified_gmt":"2025-10-24T21:17:46","slug":"ebook-modelo","status":"publish","type":"page","link":"https:\/\/pluriebr.com\/en-us\/ebook-modelo\/","title":{"rendered":"Model Ebook"},"content":{"rendered":"\t\t<div data-elementor-type=\"wp-page\" data-elementor-id=\"1862\" class=\"elementor elementor-1862\" data-elementor-post-type=\"page\">\n\t\t\t\t<div class=\"elementor-element elementor-element-0f3f430 e-grid e-con-boxed e-con e-parent\" data-id=\"0f3f430\" data-element_type=\"container\" data-e-type=\"container\" data-settings=\"{&quot;background_background&quot;:&quot;classic&quot;}\">\n\t\t\t\t\t<div class=\"e-con-inner\">\n\t\t<div class=\"elementor-element elementor-element-2388c91 e-con-full e-flex e-con e-child\" data-id=\"2388c91\" data-element_type=\"container\" data-e-type=\"container\" data-settings=\"{&quot;background_background&quot;:&quot;classic&quot;}\">\n\t\t\t\t<div class=\"elementor-element elementor-element-da4d221 elementor-widget elementor-widget-heading\" data-id=\"da4d221\" data-element_type=\"widget\" data-e-type=\"widget\" data-widget_type=\"heading.default\">\n\t\t\t\t\t<h1 class=\"elementor-heading-title elementor-size-default\">Guia Pr\u00e1tico do Marketing que Gera Resultados<\/h1>\t\t\t\t<\/div>\n\t\t\t\t<div class=\"elementor-element elementor-element-d9416ae elementor-widget elementor-widget-text-editor\" data-id=\"d9416ae\" data-element_type=\"widget\" data-e-type=\"widget\" data-widget_type=\"text-editor.default\">\n\t\t\t\t\t\t\t\t\t<p><strong>Breve Resumo:<\/strong> Lorem ipsum dolor sit amet, consectetur adipiscing elit. Integer maximus purus eu neque dictum, sed porta leo ornare. Sed sit amet fermentum neque, pulvinar luctus nisl. Etiam ornare mi blandit, malesuada nibh in, blandit augue. Maecenas diam purus, euismod non rutrum tristique, efficitur eget turpis.<\/p>\t\t\t\t\t\t\t\t<\/div>\n\t\t\t\t<div class=\"elementor-element elementor-element-3326cf4 elementor-widget elementor-widget-text-editor\" data-id=\"3326cf4\" data-element_type=\"widget\" data-e-type=\"widget\" data-widget_type=\"text-editor.default\">\n\t\t\t\t\t\t\t\t\tPreencha seus dados no formul\u00e1rio e o conte\u00fado ser\u00e1 aberto em uma nova guia, onde voc\u00ea poder\u00e1 visualizar ou fazer o download.\t\t\t\t\t\t\t\t<\/div>\n\t\t\t\t<\/div>\n\t\t<div class=\"elementor-element elementor-element-7f74a89 e-con-full e-flex e-con e-child\" data-id=\"7f74a89\" data-element_type=\"container\" data-e-type=\"container\" data-settings=\"{&quot;background_background&quot;:&quot;classic&quot;}\">\n\t\t\t\t<div class=\"elementor-element elementor-element-5ca9608 elementor-button-align-start elementor-mobile-button-align-start elementor-widget-mobile__width-inherit elementor-widget elementor-widget-form\" data-id=\"5ca9608\" data-element_type=\"widget\" data-e-type=\"widget\" data-settings=\"{&quot;step_next_label&quot;:&quot;Pr\\u00f3ximo&quot;,&quot;step_previous_label&quot;:&quot;Anterior&quot;,&quot;button_width&quot;:&quot;100&quot;,&quot;step_type&quot;:&quot;number_text&quot;,&quot;step_icon_shape&quot;:&quot;circle&quot;}\" data-widget_type=\"form.default\">\n\t\t\t\t\t\t\t<form class=\"elementor-form\" method=\"post\" name=\"Formul\u00e1rio Ebook - Teste olley\" aria-label=\"Formul\u00e1rio Ebook - Teste olley\">\n\t\t\t<input type=\"hidden\" name=\"post_id\" value=\"1862\"\/>\n\t\t\t<input type=\"hidden\" name=\"form_id\" value=\"5ca9608\"\/>\n\t\t\t<input type=\"hidden\" name=\"referer_title\" value=\"Ebook Modelo | PlurieBR | Plataforma de dados para DEI e ESG\" \/>\n\n\t\t\t\t\t\t\t<input type=\"hidden\" name=\"queried_id\" value=\"1862\"\/>\n\t\t\t\n\t\t\t<div class=\"elementor-form-fields-wrapper elementor-labels-above\">\n\t\t\t\t\t\t\t\t<div class=\"elementor-field-type-text elementor-field-group elementor-column elementor-field-group-name elementor-col-100 elementor-field-required elementor-mark-required\">\n\t\t\t\t\t\t\t\t\t\t\t\t<label for=\"form-field-name\" class=\"elementor-field-label\">\n\t\t\t\t\t\t\t\tNome\t\t\t\t\t\t\t<\/label>\n\t\t\t\t\t\t\t\t\t\t\t\t\t\t<input size=\"1\" type=\"text\" name=\"form_fields[name]\" id=\"form-field-name\" class=\"elementor-field elementor-size-sm  elementor-field-textual\" placeholder=\"Seu nome aqui\" required=\"required\">\n\t\t\t\t\t\t\t\t\t\t\t<\/div>\n\t\t\t\t\t\t\t\t<div class=\"elementor-field-type-email elementor-field-group elementor-column elementor-field-group-email elementor-col-100 elementor-field-required elementor-mark-required\">\n\t\t\t\t\t\t\t\t\t\t\t\t<label for=\"form-field-email\" class=\"elementor-field-label\">\n\t\t\t\t\t\t\t\tE-mail\t\t\t\t\t\t\t<\/label>\n\t\t\t\t\t\t\t\t\t\t\t\t\t\t<input size=\"1\" type=\"email\" name=\"form_fields[email]\" id=\"form-field-email\" class=\"elementor-field elementor-size-sm  elementor-field-textual\" placeholder=\"exemplo@gmail.com\" required=\"required\">\n\t\t\t\t\t\t\t\t\t\t\t<\/div>\n\t\t\t\t\t\t\t\t<div class=\"elementor-field-type-text elementor-field-group elementor-column elementor-field-group-field_dd3815a elementor-col-100 elementor-field-required elementor-mark-required\">\n\t\t\t\t\t\t\t\t\t\t\t\t<label for=\"form-field-field_dd3815a\" class=\"elementor-field-label\">\n\t\t\t\t\t\t\t\tEmpresa\t\t\t\t\t\t\t<\/label>\n\t\t\t\t\t\t\t\t\t\t\t\t\t\t<input size=\"1\" type=\"text\" name=\"form_fields[field_dd3815a]\" id=\"form-field-field_dd3815a\" class=\"elementor-field elementor-size-sm  elementor-field-textual\" placeholder=\"Nome da empresa\" required=\"required\">\n\t\t\t\t\t\t\t\t\t\t\t<\/div>\n\t\t\t\t\t\t\t\t<div class=\"elementor-field-type-tel elementor-field-group elementor-column elementor-field-group-field_b440ccf elementor-col-100 elementor-field-required elementor-mark-required\">\n\t\t\t\t\t\t\t\t\t\t\t\t<label for=\"form-field-field_b440ccf\" class=\"elementor-field-label\">\n\t\t\t\t\t\t\t\tWhatsApp\t\t\t\t\t\t\t<\/label>\n\t\t\t\t\t\t\t\t<input size=\"1\" type=\"tel\" name=\"form_fields[field_b440ccf]\" id=\"form-field-field_b440ccf\" class=\"elementor-field elementor-size-sm  elementor-field-textual\" placeholder=\"DDD + n\u00famero\" required=\"required\" pattern=\"[0-9()#&amp;+*-=.]+\" title=\"Apenas n\u00fameros e caracteres de telefone (#, -, *, etc.) s\u00e3o aceitos.\">\n\n\t\t\t\t\t\t<\/div>\n\t\t\t\t\t\t\t\t<div class=\"elementor-field-type-acceptance elementor-field-group elementor-column elementor-field-group-field_600fac1 elementor-col-100 elementor-field-required elementor-mark-required\">\n\t\t\t\t\t\t\t\t\t\t\t\t<label for=\"form-field-field_600fac1\" class=\"elementor-field-label\">\n\t\t\t\t\t\t\t\tTermos de Privacidade\t\t\t\t\t\t\t<\/label>\n\t\t\t\t\t\t\t\t<div class=\"elementor-field-subgroup\">\n\t\t\t<span class=\"elementor-field-option\">\n\t\t\t\t<input type=\"checkbox\" name=\"form_fields[field_600fac1]\" id=\"form-field-field_600fac1\" class=\"elementor-field elementor-size-sm  elementor-acceptance-field\" required=\"required\">\n\t\t\t\t<label for=\"form-field-field_600fac1\">Li e aceito a <a href=\"https:\/\/pluriebr.com.br\/PoliticaDePrivacidade.pdf\" target=\"_blank\" rel=\"noopener noreferrer\" class=\"politicaform\">Pol\u00edtica de Privacidade<\/a><\/label>\t\t\t<\/span>\n\t\t<\/div>\n\t\t\t\t\t\t<\/div>\n\t\t\t\t\t\t\t\t<div class=\"elementor-field-group elementor-column elementor-field-type-submit elementor-col-100 e-form__buttons\">\n\t\t\t\t\t<button class=\"elementor-button elementor-size-sm elementor-animation-grow\" type=\"submit\">\n\t\t\t\t\t\t<span class=\"elementor-button-content-wrapper\">\n\t\t\t\t\t\t\t\t\t\t\t\t\t\t\t<span class=\"elementor-button-icon\">\n\t\t\t\t\t\t\t\t\t<svg xmlns=\"http:\/\/www.w3.org\/2000\/svg\" width=\"18\" height=\"18\" viewBox=\"0 0 18 18\" fill=\"none\"><path opacity=\"0.2\" d=\"M15.023 14.1328L14.1328 15.023C14.0273 15.1284 13.8843 15.1876 13.7352 15.1876C13.5861 15.1876 13.443 15.1284 13.3376 15.023L9.72983 11.4152C9.66505 11.3503 9.58536 11.3022 9.49772 11.2751C9.41009 11.248 9.31715 11.2428 9.22702 11.2598C9.13689 11.2769 9.0523 11.3157 8.98062 11.373C8.90894 11.4302 8.85235 11.5041 8.81577 11.5882L7.5628 14.8514C7.51623 14.9539 7.43996 15.0401 7.34387 15.0988C7.24777 15.1575 7.13627 15.186 7.02379 15.1806C6.91132 15.1753 6.80305 15.1363 6.71299 15.0687C6.62293 15.0011 6.55523 14.908 6.51866 14.8015L2.84131 3.54658C2.81122 3.44884 2.80834 3.34476 2.83298 3.24551C2.85762 3.14626 2.90885 3.0556 2.98116 2.9833C3.05347 2.91099 3.14412 2.85976 3.24337 2.83512C3.34262 2.81048 3.44671 2.81336 3.54444 2.84345L14.8015 6.51658C14.908 6.55315 15.001 6.62085 15.0686 6.71091C15.1362 6.80096 15.1752 6.90924 15.1806 7.02171C15.186 7.13419 15.1575 7.24569 15.0988 7.34178C15.0401 7.43788 14.9539 7.51415 14.8514 7.56072L11.5882 8.81369C11.5041 8.85026 11.4302 8.90686 11.3729 8.97854C11.3157 9.05022 11.2769 9.13481 11.2598 9.22494C11.2427 9.31507 11.248 9.408 11.2751 9.49564C11.3022 9.58328 11.3503 9.66296 11.4152 9.72775L15.023 13.3355C15.0755 13.3877 15.1171 13.4499 15.1456 13.5183C15.174 13.5867 15.1886 13.6601 15.1886 13.7342C15.1886 13.8082 15.174 13.8816 15.1456 13.95C15.1171 14.0184 15.0755 14.0806 15.023 14.1328Z\" fill=\"white\"><\/path><path d=\"M11.8125 9.32976L15.0525 8.08593L15.0757 8.07679C15.2831 7.98484 15.4578 7.83235 15.5769 7.63933C15.6961 7.44631 15.7541 7.22178 15.7434 6.99519C15.7327 6.76861 15.6537 6.55056 15.5169 6.36966C15.38 6.18875 15.1917 6.05344 14.9766 5.98148L3.72093 2.30624C3.52398 2.24178 3.31301 2.23316 3.11145 2.28132C2.90989 2.32948 2.72562 2.43255 2.57909 2.57909C2.43255 2.72562 2.32948 2.90989 2.28132 3.11145C2.23316 3.31301 2.24178 3.52398 2.30624 3.72093L5.98148 14.9766C6.05074 15.1938 6.18508 15.3845 6.3663 15.5228C6.54753 15.6611 6.76689 15.7404 6.99468 15.75H7.04952C7.26802 15.7508 7.48191 15.6872 7.66456 15.5673C7.84722 15.4474 7.99058 15.2765 8.07679 15.0757L8.08593 15.0525L9.32976 11.8125L12.9375 15.4202C13.042 15.5247 13.166 15.6076 13.3025 15.6642C13.439 15.7207 13.5853 15.7498 13.7331 15.7498C13.8808 15.7498 14.0271 15.7207 14.1637 15.6642C14.3002 15.6076 14.4242 15.5247 14.5287 15.4202L15.4202 14.5287C15.5247 14.4242 15.6076 14.3002 15.6642 14.1637C15.7207 14.0271 15.7498 13.8808 15.7498 13.7331C15.7498 13.5853 15.7207 13.439 15.6642 13.3025C15.6076 13.166 15.5247 13.042 15.4202 12.9375L11.8125 9.32976ZM13.7327 14.625L10.125 11.0173C9.99537 10.8874 9.83596 10.7912 9.66065 10.7371C9.48534 10.683 9.29945 10.6725 9.11918 10.7067C8.93892 10.7409 8.76975 10.8186 8.62642 10.9332C8.48309 11.0477 8.36995 11.1956 8.29687 11.3639C8.29687 11.3716 8.29054 11.3794 8.28773 11.3864L7.04671 14.6208L3.37499 3.37499L14.6144 7.0453L11.3836 8.28562L11.3611 8.29476C11.1928 8.36784 11.0449 8.48098 10.9304 8.62431C10.8158 8.76764 10.7381 8.93681 10.7039 9.11707C10.6697 9.29734 10.6801 9.48323 10.7343 9.65854C10.7884 9.83385 10.8846 9.99326 11.0144 10.1229L14.625 13.7327L13.7327 14.625Z\" fill=\"white\"><\/path><\/svg>\t\t\t\t\t\t\t\t\t\t\t\t\t\t\t\t\t<\/span>\n\t\t\t\t\t\t\t\t\t\t\t\t\t\t\t\t\t\t\t\t\t\t<span class=\"elementor-button-text\">Fazer download<\/span>\n\t\t\t\t\t\t\t\t\t\t\t\t\t<\/span>\n\t\t\t\t\t<\/button>\n\t\t\t\t<\/div>\n\t\t\t<\/div>\n\t\t<\/form>\n\t\t\t\t\t\t<\/div>\n\t\t\t\t<\/div>\n\t\t\t\t\t<\/div>\n\t\t\t\t<\/div>\n\t\t<div class=\"elementor-element elementor-element-5960163 e-grid e-con-boxed e-con e-parent\" data-id=\"5960163\" data-element_type=\"container\" data-e-type=\"container\" data-settings=\"{&quot;background_background&quot;:&quot;classic&quot;}\">\n\t\t\t\t\t<div class=\"e-con-inner\">\n\t\t<div class=\"elementor-element elementor-element-cd8d0dd e-con-full e-flex e-con e-child\" data-id=\"cd8d0dd\" data-element_type=\"container\" data-e-type=\"container\" data-settings=\"{&quot;background_background&quot;:&quot;classic&quot;}\">\n\t\t\t\t<div class=\"elementor-element elementor-element-2e6d3d2 elementor-widget elementor-widget-image\" data-id=\"2e6d3d2\" data-element_type=\"widget\" data-e-type=\"widget\" data-widget_type=\"image.default\">\n\t\t\t\t\t\t\t\t\t\t\t\t\t\t\t<img fetchpriority=\"high\" decoding=\"async\" width=\"440\" height=\"599\" src=\"https:\/\/pluriebr.com\/wp-content\/uploads\/2025\/10\/Teste-ebook-1.png\" class=\"attachment-medium_large size-medium_large wp-image-1870\" alt=\"\" srcset=\"https:\/\/pluriebr.com\/wp-content\/uploads\/2025\/10\/Teste-ebook-1.png 440w, https:\/\/pluriebr.com\/wp-content\/uploads\/2025\/10\/Teste-ebook-1-220x300.png 220w, https:\/\/pluriebr.com\/wp-content\/uploads\/2025\/10\/Teste-ebook-1-9x12.png 9w\" sizes=\"(max-width: 440px) 100vw, 440px\" title=\"\">\t\t\t\t\t\t\t\t\t\t\t\t\t\t\t<\/div>\n\t\t\t\t<\/div>\n\t\t<div class=\"elementor-element elementor-element-7aea2cf e-con-full e-flex e-con e-child\" data-id=\"7aea2cf\" data-element_type=\"container\" data-e-type=\"container\">\n\t\t\t\t<div class=\"elementor-element elementor-element-6fe7fff elementor-widget elementor-widget-heading\" data-id=\"6fe7fff\" data-element_type=\"widget\" data-e-type=\"widget\" data-widget_type=\"heading.default\">\n\t\t\t\t\t<h2 class=\"elementor-heading-title elementor-size-default\">Subtitulo caso precise<\/h2>\t\t\t\t<\/div>\n\t\t\t\t<div class=\"elementor-element elementor-element-8db55e0 elementor-widget elementor-widget-text-editor\" data-id=\"8db55e0\" data-element_type=\"widget\" data-e-type=\"widget\" data-widget_type=\"text-editor.default\">\n\t\t\t\t\t\t\t\t\t<p>Lorem ipsum dolor sit amet, consectetur adipiscing elit. Integer maximus purus eu neque dictum, sed porta leo ornare. Sed sit amet fermentum neque, pulvinar luctus nisl. Etiam ornare mi blandit, malesuada nibh in, blandit augue. Maecenas diam purus, euismod non rutrum tristique, efficitur eget turpis.<\/p>\t\t\t\t\t\t\t\t<\/div>\n\t\t\t\t<div class=\"elementor-element elementor-element-d640ffa elementor-widget elementor-widget-heading\" data-id=\"d640ffa\" data-element_type=\"widget\" data-e-type=\"widget\" data-widget_type=\"heading.default\">\n\t\t\t\t\t<h2 class=\"elementor-heading-title elementor-size-default\">Topicos abordados:<\/h2>\t\t\t\t<\/div>\n\t\t\t\t<div class=\"elementor-element elementor-element-da2b4e3 elementor-icon-list--layout-traditional elementor-list-item-link-full_width elementor-widget elementor-widget-icon-list\" data-id=\"da2b4e3\" data-element_type=\"widget\" data-e-type=\"widget\" data-widget_type=\"icon-list.default\">\n\t\t\t\t\t\t\t<ul class=\"elementor-icon-list-items\">\n\t\t\t\t\t\t\t<li class=\"elementor-icon-list-item\">\n\t\t\t\t\t\t\t\t\t\t\t<span class=\"elementor-icon-list-icon\">\n\t\t\t\t\t\t\t<svg aria-hidden=\"true\" class=\"e-font-icon-svg e-fas-check\" viewBox=\"0 0 512 512\" xmlns=\"http:\/\/www.w3.org\/2000\/svg\"><path d=\"M173.898 439.404l-166.4-166.4c-9.997-9.997-9.997-26.206 0-36.204l36.203-36.204c9.997-9.998 26.207-9.998 36.204 0L192 312.69 432.095 72.596c9.997-9.997 26.207-9.997 36.204 0l36.203 36.204c9.997 9.997 9.997 26.206 0 36.204l-294.4 294.401c-9.998 9.997-26.207 9.997-36.204-.001z\"><\/path><\/svg>\t\t\t\t\t\t<\/span>\n\t\t\t\t\t\t\t\t\t\t<span class=\"elementor-icon-list-text\">Estrat\u00e9gia de Campanha Digital<\/span>\n\t\t\t\t\t\t\t\t\t<\/li>\n\t\t\t\t\t\t\t\t<li class=\"elementor-icon-list-item\">\n\t\t\t\t\t\t\t\t\t\t\t<span class=\"elementor-icon-list-icon\">\n\t\t\t\t\t\t\t<svg aria-hidden=\"true\" class=\"e-font-icon-svg e-fas-check\" viewBox=\"0 0 512 512\" xmlns=\"http:\/\/www.w3.org\/2000\/svg\"><path d=\"M173.898 439.404l-166.4-166.4c-9.997-9.997-9.997-26.206 0-36.204l36.203-36.204c9.997-9.998 26.207-9.998 36.204 0L192 312.69 432.095 72.596c9.997-9.997 26.207-9.997 36.204 0l36.203 36.204c9.997 9.997 9.997 26.206 0 36.204l-294.4 294.401c-9.998 9.997-26.207 9.997-36.204-.001z\"><\/path><\/svg>\t\t\t\t\t\t<\/span>\n\t\t\t\t\t\t\t\t\t\t<span class=\"elementor-icon-list-text\">Checklist para Sites que Convertem<\/span>\n\t\t\t\t\t\t\t\t\t<\/li>\n\t\t\t\t\t\t\t\t<li class=\"elementor-icon-list-item\">\n\t\t\t\t\t\t\t\t\t\t\t<span class=\"elementor-icon-list-icon\">\n\t\t\t\t\t\t\t<svg aria-hidden=\"true\" class=\"e-font-icon-svg e-fas-check\" viewBox=\"0 0 512 512\" xmlns=\"http:\/\/www.w3.org\/2000\/svg\"><path d=\"M173.898 439.404l-166.4-166.4c-9.997-9.997-9.997-26.206 0-36.204l36.203-36.204c9.997-9.998 26.207-9.998 36.204 0L192 312.69 432.095 72.596c9.997-9.997 26.207-9.997 36.204 0l36.203 36.204c9.997 9.997 9.997 26.206 0 36.204l-294.4 294.401c-9.998 9.997-26.207 9.997-36.204-.001z\"><\/path><\/svg>\t\t\t\t\t\t<\/span>\n\t\t\t\t\t\t\t\t\t\t<span class=\"elementor-icon-list-text\">Guia de Identidade e Posicionamento de Marca<\/span>\n\t\t\t\t\t\t\t\t\t<\/li>\n\t\t\t\t\t\t\t\t<li class=\"elementor-icon-list-item\">\n\t\t\t\t\t\t\t\t\t\t\t<span class=\"elementor-icon-list-icon\">\n\t\t\t\t\t\t\t<svg aria-hidden=\"true\" class=\"e-font-icon-svg e-fas-check\" viewBox=\"0 0 512 512\" xmlns=\"http:\/\/www.w3.org\/2000\/svg\"><path d=\"M173.898 439.404l-166.4-166.4c-9.997-9.997-9.997-26.206 0-36.204l36.203-36.204c9.997-9.998 26.207-9.998 36.204 0L192 312.69 432.095 72.596c9.997-9.997 26.207-9.997 36.204 0l36.203 36.204c9.997 9.997 9.997 26.206 0 36.204l-294.4 294.401c-9.998 9.997-26.207 9.997-36.204-.001z\"><\/path><\/svg>\t\t\t\t\t\t<\/span>\n\t\t\t\t\t\t\t\t\t\t<span class=\"elementor-icon-list-text\">An\u00e1lise de Performance Mensal (Google &amp; Meta)<\/span>\n\t\t\t\t\t\t\t\t\t<\/li>\n\t\t\t\t\t\t\t\t<li class=\"elementor-icon-list-item\">\n\t\t\t\t\t\t\t\t\t\t\t<span class=\"elementor-icon-list-icon\">\n\t\t\t\t\t\t\t<svg aria-hidden=\"true\" class=\"e-font-icon-svg e-fas-check\" viewBox=\"0 0 512 512\" xmlns=\"http:\/\/www.w3.org\/2000\/svg\"><path d=\"M173.898 439.404l-166.4-166.4c-9.997-9.997-9.997-26.206 0-36.204l36.203-36.204c9.997-9.998 26.207-9.998 36.204 0L192 312.69 432.095 72.596c9.997-9.997 26.207-9.997 36.204 0l36.203 36.204c9.997 9.997 9.997 26.206 0 36.204l-294.4 294.401c-9.998 9.997-26.207 9.997-36.204-.001z\"><\/path><\/svg>\t\t\t\t\t\t<\/span>\n\t\t\t\t\t\t\t\t\t\t<span class=\"elementor-icon-list-text\">Planejamento e Lan\u00e7amento de Projetos Online<\/span>\n\t\t\t\t\t\t\t\t\t<\/li>\n\t\t\t\t\t\t\t\t<li class=\"elementor-icon-list-item\">\n\t\t\t\t\t\t\t\t\t\t\t<span class=\"elementor-icon-list-icon\">\n\t\t\t\t\t\t\t<svg aria-hidden=\"true\" class=\"e-font-icon-svg e-fas-check\" viewBox=\"0 0 512 512\" xmlns=\"http:\/\/www.w3.org\/2000\/svg\"><path d=\"M173.898 439.404l-166.4-166.4c-9.997-9.997-9.997-26.206 0-36.204l36.203-36.204c9.997-9.998 26.207-9.998 36.204 0L192 312.69 432.095 72.596c9.997-9.997 26.207-9.997 36.204 0l36.203 36.204c9.997 9.997 9.997 26.206 0 36.204l-294.4 294.401c-9.998 9.997-26.207 9.997-36.204-.001z\"><\/path><\/svg>\t\t\t\t\t\t<\/span>\n\t\t\t\t\t\t\t\t\t\t<span class=\"elementor-icon-list-text\">P\u00f3s-venda e Fideliza\u00e7\u00e3o de Clientes<\/span>\n\t\t\t\t\t\t\t\t\t<\/li>\n\t\t\t\t\t\t<\/ul>\n\t\t\t\t\t\t<\/div>\n\t\t\t\t<\/div>\n\t\t\t\t\t<\/div>\n\t\t\t\t<\/div>\n\t\t\t\t<\/div>\n\t\t","protected":false},"excerpt":{"rendered":"<p>Guia Pr\u00e1tico do Marketing que Gera Resultados Breve Resumo: Lorem ipsum dolor sit amet, consectetur adipiscing elit. Integer maximus purus eu neque dictum, sed porta leo ornare. Sed sit amet fermentum neque, pulvinar luctus nisl. Etiam ornare mi blandit, malesuada nibh in, blandit augue. Maecenas diam purus, euismod non rutrum tristique, efficitur eget turpis. Preencha [&hellip;]<\/p>\n","protected":false},"author":6,"featured_media":0,"parent":0,"menu_order":0,"comment_status":"closed","ping_status":"closed","template":"","meta":{"inline_featured_image":false,"footnotes":""},"class_list":["post-1862","page","type-page","status-publish","hentry"],"_links":{"self":[{"href":"https:\/\/pluriebr.com\/en-us\/wp-json\/wp\/v2\/pages\/1862","targetHints":{"allow":["GET"]}}],"collection":[{"href":"https:\/\/pluriebr.com\/en-us\/wp-json\/wp\/v2\/pages"}],"about":[{"href":"https:\/\/pluriebr.com\/en-us\/wp-json\/wp\/v2\/types\/page"}],"author":[{"embeddable":true,"href":"https:\/\/pluriebr.com\/en-us\/wp-json\/wp\/v2\/users\/6"}],"replies":[{"embeddable":true,"href":"https:\/\/pluriebr.com\/en-us\/wp-json\/wp\/v2\/comments?post=1862"}],"version-history":[{"count":63,"href":"https:\/\/pluriebr.com\/en-us\/wp-json\/wp\/v2\/pages\/1862\/revisions"}],"predecessor-version":[{"id":2053,"href":"https:\/\/pluriebr.com\/en-us\/wp-json\/wp\/v2\/pages\/1862\/revisions\/2053"}],"wp:attachment":[{"href":"https:\/\/pluriebr.com\/en-us\/wp-json\/wp\/v2\/media?parent=1862"}],"curies":[{"name":"wp","href":"https:\/\/api.w.org\/{rel}","templated":true}]}}